{"id":772,"date":"2022-07-11T02:32:18","date_gmt":"2022-07-10T23:32:18","guid":{"rendered":"https:\/\/www.bzg.com.tr\/about-us\/"},"modified":"2022-07-25T05:01:51","modified_gmt":"2022-07-25T02:01:51","slug":"hakkimizda","status":"publish","type":"page","link":"https:\/\/www.bzg.com.tr\/tr\/hakkimizda\/","title":{"rendered":"Hakk\u0131m\u0131zda"},"content":{"rendered":"\t\t<div data-elementor-type=\"wp-page\" data-elementor-id=\"772\" class=\"elementor elementor-772 elementor-63\">\n\t\t\t\t\t\t\t\t\t<section class=\"elementor-section elementor-top-section elementor-element elementor-element-e972911 elementor-section-boxed elementor-section-height-default elementor-section-height-default rt-parallax-bg-no\" data-id=\"e972911\" data-element_type=\"section\">\n\t\t\t\t\t\t<div class=\"elementor-container elementor-column-gap-default\">\n\t\t\t\t\t<div class=\"elementor-column elementor-col-50 elementor-top-column elementor-element elementor-element-fc1ce84\" data-id=\"fc1ce84\" data-element_type=\"column\">\n\t\t\t<div class=\"elementor-widget-wrap elementor-element-populated\">\n\t\t\t\t\t\t\t\t<div class=\"elementor-element elementor-element-63d7599 elementor-widget elementor-widget-heading\" data-id=\"63d7599\" data-element_type=\"widget\" data-widget_type=\"heading.default\">\n\t\t\t\t<div class=\"elementor-widget-container\">\n\t\t\t<style>\/*! elementor - v3.6.7 - 03-07-2022 *\/\n.elementor-heading-title{padding:0;margin:0;line-height:1}.elementor-widget-heading .elementor-heading-title[class*=elementor-size-]>a{color:inherit;font-size:inherit;line-height:inherit}.elementor-widget-heading .elementor-heading-title.elementor-size-small{font-size:15px}.elementor-widget-heading .elementor-heading-title.elementor-size-medium{font-size:19px}.elementor-widget-heading .elementor-heading-title.elementor-size-large{font-size:29px}.elementor-widget-heading .elementor-heading-title.elementor-size-xl{font-size:39px}.elementor-widget-heading .elementor-heading-title.elementor-size-xxl{font-size:59px}<\/style><h3 class=\"elementor-heading-title elementor-size-default\">G\u00fcven, kalite ve esteti\u011fin m\u00fckemmel uyumu.<\/h3>\t\t<\/div>\n\t\t\t\t<\/div>\n\t\t\t\t<div class=\"elementor-element elementor-element-a053d4f elementor-widget elementor-widget-text-editor\" data-id=\"a053d4f\" data-element_type=\"widget\" data-widget_type=\"text-editor.default\">\n\t\t\t\t<div class=\"elementor-widget-container\">\n\t\t\t<style>\/*! elementor - v3.6.7 - 03-07-2022 *\/\n.elementor-widget-text-editor.elementor-drop-cap-view-stacked .elementor-drop-cap{background-color:#818a91;color:#fff}.elementor-widget-text-editor.elementor-drop-cap-view-framed .elementor-drop-cap{color:#818a91;border:3px solid;background-color:transparent}.elementor-widget-text-editor:not(.elementor-drop-cap-view-default) .elementor-drop-cap{margin-top:8px}.elementor-widget-text-editor:not(.elementor-drop-cap-view-default) .elementor-drop-cap-letter{width:1em;height:1em}.elementor-widget-text-editor .elementor-drop-cap{float:left;text-align:center;line-height:1;font-size:50px}.elementor-widget-text-editor .elementor-drop-cap-letter{display:inline-block}<\/style>\t\t\t\t<p>BZG Holding olarak yap\u0131 sekt\u00f6r\u00fcne genel m\u00fcteahhitlik firmas\u0131 olarak kurulan BZG \u0130n\u015faat ile girdik. Geni\u015f bir alanda uzmanl\u0131k kazanarak y\u00fcksek teknolojiyi ve kaliteyi yans\u0131tan bir\u00e7ok yerel ve uluslararas\u0131 altyap\u0131 ve \u00fcstyap\u0131 projesine imzam\u0131z\u0131 att\u0131k.<\/p><p>Yurt i\u00e7inde ve yurt d\u0131\u015f\u0131nda ger\u00e7ekle\u015ftirdi\u011fimiz bu projelerde, kaliteli imalat ve zaman\u0131nda teslim prensiplerimizden taviz vermeden \u00fcretim yap\u0131yor, yat\u0131r\u0131mc\u0131lar\u0131m\u0131za y\u00fcksek de\u011ferli projelerle kazan\u00e7 f\u0131rsat\u0131 sunuyor, \u015fehirlere modern ve ya\u015fanabilir alanlar kazand\u0131r\u0131yoruz.<\/p><p>Altyap\u0131s\u0131, teknik ve sosyal tesisleri, \u00e7evre ve peyzaj d\u00fczenlemeleriyle hayata ge\u00e7irdi\u011fimiz b\u00fcy\u00fck konut sitelerinin yan\u0131 s\u0131ra i\u015f merkezleri, al\u0131\u015fveri\u015f merkezleri, okullar ve hastaneler, turizm ve spor tesisleri, \u015fehir parklar\u0131, sa\u011fl\u0131k ve k\u00fclt\u00fcr merkezleri, ofis binalar\u0131, sanayi tesisleri ve benzeri bir\u00e7ok projeyi hayata ge\u00e7iriyor, proje ve tasar\u0131m ile birlikte anahtar teslim in\u015faatlar\u0131n\u0131 ger\u00e7ekle\u015ftiriyoruz.<\/p>\t\t\t\t\t\t<\/div>\n\t\t\t\t<\/div>\n\t\t\t\t\t<\/div>\n\t\t<\/div>\n\t\t\t\t<div class=\"elementor-column elementor-col-50 elementor-top-column elementor-element elementor-element-8b94926\" data-id=\"8b94926\" data-element_type=\"column\">\n\t\t\t<div class=\"elementor-widget-wrap elementor-element-populated\">\n\t\t\t\t\t\t\t\t<div class=\"elementor-element elementor-element-6a70b44 elementor-widget elementor-widget-image\" data-id=\"6a70b44\" data-element_type=\"widget\" data-widget_type=\"image.default\">\n\t\t\t\t<div class=\"elementor-widget-container\">\n\t\t\t<style>\/*! elementor - v3.6.7 - 03-07-2022 *\/\n.elementor-widget-image{text-align:center}.elementor-widget-image a{display:inline-block}.elementor-widget-image a img[src$=\".svg\"]{width:48px}.elementor-widget-image img{vertical-align:middle;display:inline-block}<\/style>\t\t\t\t\t\t\t\t\t\t\t\t<img width=\"609\" height=\"573\" src=\"https:\/\/www.bzg.com.tr\/wp-content\/uploads\/2022\/07\/1.jpg\" class=\"attachment-large size-large\" alt=\"\" loading=\"lazy\" srcset=\"https:\/\/www.bzg.com.tr\/wp-content\/uploads\/2022\/07\/1.jpg 609w, https:\/\/www.bzg.com.tr\/wp-content\/uploads\/2022\/07\/1-300x282.jpg 300w\" sizes=\"(max-width: 609px) 100vw, 609px\" \/>\t\t\t\t\t\t\t\t\t\t\t\t\t\t\t<\/div>\n\t\t\t\t<\/div>\n\t\t\t\t\t<\/div>\n\t\t<\/div>\n\t\t\t\t\t\t\t<\/div>\n\t\t<\/section>\n\t\t\t\t\t\t\t<\/div>\n\t\t","protected":false},"excerpt":{"rendered":"<p>G\u00fcven, kalite ve esteti\u011fin m\u00fckemmel uyumu. BZG Holding olarak yap\u0131 sekt\u00f6r\u00fcne genel m\u00fcteahhitlik firmas\u0131 olarak kurulan BZG \u0130n\u015faat ile girdik. Geni\u015f bir alanda uzmanl\u0131k kazanarak y\u00fcksek teknolojiyi ve kaliteyi yans\u0131tan bir\u00e7ok yerel ve uluslararas\u0131 altyap\u0131 ve \u00fcstyap\u0131 projesine imzam\u0131z\u0131 att\u0131k. Yurt i\u00e7inde ve yurt d\u0131\u015f\u0131nda ger\u00e7ekle\u015ftirdi\u011fimiz bu projelerde, kaliteli imalat ve zaman\u0131nda teslim prensiplerimizden taviz [&hellip;]<\/p>\n","protected":false},"author":1,"featured_media":0,"parent":0,"menu_order":0,"comment_status":"closed","ping_status":"closed","template":"","meta":[],"_links":{"self":[{"href":"https:\/\/www.bzg.com.tr\/tr\/wp-json\/wp\/v2\/pages\/772"}],"collection":[{"href":"https:\/\/www.bzg.com.tr\/tr\/wp-json\/wp\/v2\/pages"}],"about":[{"href":"https:\/\/www.bzg.com.tr\/tr\/wp-json\/wp\/v2\/types\/page"}],"author":[{"embeddable":true,"href":"https:\/\/www.bzg.com.tr\/tr\/wp-json\/wp\/v2\/users\/1"}],"replies":[{"embeddable":true,"href":"https:\/\/www.bzg.com.tr\/tr\/wp-json\/wp\/v2\/comments?post=772"}],"version-history":[{"count":4,"href":"https:\/\/www.bzg.com.tr\/tr\/wp-json\/wp\/v2\/pages\/772\/revisions"}],"predecessor-version":[{"id":776,"href":"https:\/\/www.bzg.com.tr\/tr\/wp-json\/wp\/v2\/pages\/772\/revisions\/776"}],"wp:attachment":[{"href":"https:\/\/www.bzg.com.tr\/tr\/wp-json\/wp\/v2\/media?parent=772"}],"curies":[{"name":"wp","href":"https:\/\/api.w.org\/{rel}","templated":true}]}}