{"id":778,"date":"2022-07-19T11:20:51","date_gmt":"2022-07-19T08:20:51","guid":{"rendered":"https:\/\/www.bzg.com.tr\/contact\/"},"modified":"2022-07-25T05:04:55","modified_gmt":"2022-07-25T02:04:55","slug":"iletisim","status":"publish","type":"page","link":"https:\/\/www.bzg.com.tr\/tr\/iletisim\/","title":{"rendered":"\u0130leti\u015fim"},"content":{"rendered":"\t\t<div data-elementor-type=\"wp-page\" data-elementor-id=\"778\" class=\"elementor elementor-778 elementor-428\">\n\t\t\t\t\t\t\t\t\t<section class=\"elementor-section elementor-top-section elementor-element elementor-element-e972911 elementor-section-boxed elementor-section-height-default elementor-section-height-default rt-parallax-bg-no\" data-id=\"e972911\" data-element_type=\"section\">\n\t\t\t\t\t\t<div class=\"elementor-container elementor-column-gap-default\">\n\t\t\t\t\t<div class=\"elementor-column elementor-col-50 elementor-top-column elementor-element elementor-element-fc1ce84\" data-id=\"fc1ce84\" data-element_type=\"column\">\n\t\t\t<div class=\"elementor-widget-wrap elementor-element-populated\">\n\t\t\t\t\t\t\t\t<div class=\"elementor-element elementor-element-63d7599 elementor-widget elementor-widget-heading\" data-id=\"63d7599\" data-element_type=\"widget\" data-widget_type=\"heading.default\">\n\t\t\t\t<div class=\"elementor-widget-container\">\n\t\t\t<style>\/*! elementor - v3.6.7 - 03-07-2022 *\/\n.elementor-heading-title{padding:0;margin:0;line-height:1}.elementor-widget-heading .elementor-heading-title[class*=elementor-size-]>a{color:inherit;font-size:inherit;line-height:inherit}.elementor-widget-heading .elementor-heading-title.elementor-size-small{font-size:15px}.elementor-widget-heading .elementor-heading-title.elementor-size-medium{font-size:19px}.elementor-widget-heading .elementor-heading-title.elementor-size-large{font-size:29px}.elementor-widget-heading .elementor-heading-title.elementor-size-xl{font-size:39px}.elementor-widget-heading .elementor-heading-title.elementor-size-xxl{font-size:59px}<\/style><h2 class=\"elementor-heading-title elementor-size-default\">BZG HOLD\u0130NG<\/h2>\t\t<\/div>\n\t\t\t\t<\/div>\n\t\t\t\t<div class=\"elementor-element elementor-element-028c3b2 elementor-icon-list--layout-traditional elementor-list-item-link-full_width elementor-widget elementor-widget-icon-list\" data-id=\"028c3b2\" data-element_type=\"widget\" data-widget_type=\"icon-list.default\">\n\t\t\t\t<div class=\"elementor-widget-container\">\n\t\t\t<link rel=\"stylesheet\" href=\"https:\/\/www.bzg.com.tr\/wp-content\/plugins\/elementor\/assets\/css\/widget-icon-list.min.css\">\t\t<ul class=\"elementor-icon-list-items\">\n\t\t\t\t\t\t\t<li class=\"elementor-icon-list-item\">\n\t\t\t\t\t\t\t\t\t\t\t<span class=\"elementor-icon-list-icon\">\n\t\t\t\t\t\t\t<i aria-hidden=\"true\" class=\"fas fa-map-pin\"><\/i>\t\t\t\t\t\t<\/span>\n\t\t\t\t\t\t\t\t\t\t<span class=\"elementor-icon-list-text\">Atat\u00fcrk Mahallesi Sedef Caddesi 36 Ada Ata 2\/2 K:1 D:62 Ata\u015fehir, \u0130stanbul \/ Turkiye<\/span>\n\t\t\t\t\t\t\t\t\t<\/li>\n\t\t\t\t\t\t\t\t<li class=\"elementor-icon-list-item\">\n\t\t\t\t\t\t\t\t\t\t\t<span class=\"elementor-icon-list-icon\">\n\t\t\t\t\t\t\t<i aria-hidden=\"true\" class=\"fas fa-phone-volume\"><\/i>\t\t\t\t\t\t<\/span>\n\t\t\t\t\t\t\t\t\t\t<span class=\"elementor-icon-list-text\">+90 (216) 580 9494<\/span>\n\t\t\t\t\t\t\t\t\t<\/li>\n\t\t\t\t\t\t\t\t<li class=\"elementor-icon-list-item\">\n\t\t\t\t\t\t\t\t\t\t\t<span class=\"elementor-icon-list-icon\">\n\t\t\t\t\t\t\t<i aria-hidden=\"true\" class=\"fas fa-fax\"><\/i>\t\t\t\t\t\t<\/span>\n\t\t\t\t\t\t\t\t\t\t<span class=\"elementor-icon-list-text\">+90 (216) 580 9474<\/span>\n\t\t\t\t\t\t\t\t\t<\/li>\n\t\t\t\t\t\t\t\t<li class=\"elementor-icon-list-item\">\n\t\t\t\t\t\t\t\t\t\t\t<span class=\"elementor-icon-list-icon\">\n\t\t\t\t\t\t\t<i aria-hidden=\"true\" class=\"fas fa-envelope\"><\/i>\t\t\t\t\t\t<\/span>\n\t\t\t\t\t\t\t\t\t\t<span class=\"elementor-icon-list-text\">info@bzg.com.tr<\/span>\n\t\t\t\t\t\t\t\t\t<\/li>\n\t\t\t\t\t\t<\/ul>\n\t\t\t\t<\/div>\n\t\t\t\t<\/div>\n\t\t\t\t\t<\/div>\n\t\t<\/div>\n\t\t\t\t<div class=\"elementor-column elementor-col-50 elementor-top-column elementor-element elementor-element-8b94926\" data-id=\"8b94926\" data-element_type=\"column\">\n\t\t\t<div class=\"elementor-widget-wrap elementor-element-populated\">\n\t\t\t\t\t\t\t\t<div class=\"elementor-element elementor-element-2bff0f0 elementor-widget elementor-widget-text-editor\" data-id=\"2bff0f0\" data-element_type=\"widget\" data-widget_type=\"text-editor.default\">\n\t\t\t\t<div class=\"elementor-widget-container\">\n\t\t\t<style>\/*! elementor - v3.6.7 - 03-07-2022 *\/\n.elementor-widget-text-editor.elementor-drop-cap-view-stacked .elementor-drop-cap{background-color:#818a91;color:#fff}.elementor-widget-text-editor.elementor-drop-cap-view-framed .elementor-drop-cap{color:#818a91;border:3px solid;background-color:transparent}.elementor-widget-text-editor:not(.elementor-drop-cap-view-default) .elementor-drop-cap{margin-top:8px}.elementor-widget-text-editor:not(.elementor-drop-cap-view-default) .elementor-drop-cap-letter{width:1em;height:1em}.elementor-widget-text-editor .elementor-drop-cap{float:left;text-align:center;line-height:1;font-size:50px}.elementor-widget-text-editor .elementor-drop-cap-letter{display:inline-block}<\/style>\t\t\t\t<p><div id=\"quform-9b2cb0\" class=\"quform quform-2 quform-support-page-caching\"><form id=\"quform-form-9b2cb0\" class=\"quform-form quform-form-2\" action=\"\/tr\/wp-json\/wp\/v2\/pages\/778#quform-9b2cb0\" method=\"post\" enctype=\"multipart\/form-data\" novalidate=\"novalidate\" data-options=\"{&quot;id&quot;:2,&quot;uniqueId&quot;:&quot;9b2cb0&quot;,&quot;theme&quot;:&quot;&quot;,&quot;ajax&quot;:true,&quot;logic&quot;:{&quot;logic&quot;:[],&quot;dependents&quot;:[],&quot;elementIds&quot;:[],&quot;dependentElementIds&quot;:[],&quot;animate&quot;:true},&quot;currentPageId&quot;:1,&quot;errorsIcon&quot;:&quot;&quot;,&quot;updateFancybox&quot;:true,&quot;hasPages&quot;:false,&quot;pages&quot;:[1],&quot;pageProgressType&quot;:&quot;numbers&quot;,&quot;tooltipsEnabled&quot;:true,&quot;tooltipClasses&quot;:&quot;qtip-quform-dark qtip-shadow&quot;,&quot;tooltipMy&quot;:&quot;left center&quot;,&quot;tooltipAt&quot;:&quot;right center&quot;,&quot;isRtl&quot;:false,&quot;scrollOffset&quot;:-50,&quot;scrollSpeed&quot;:800}\"><button class=\"quform-default-submit\" name=\"quform_submit\" type=\"submit\" value=\"submit\" aria-hidden=\"true\" tabindex=\"-1\"><\/button><div class=\"quform-form-inner quform-form-inner-2\"><input type=\"hidden\" name=\"quform_form_id\" value=\"2\" \/><input type=\"hidden\" name=\"quform_form_uid\" value=\"9b2cb0\" \/><input type=\"hidden\" name=\"quform_count\" value=\"1\" \/><input type=\"hidden\" name=\"form_url\" value=\"https:\/\/www.bzg.com.tr\/tr\/wp-json\/wp\/v2\/pages\/778\" \/><input type=\"hidden\" name=\"referring_url\" value=\"\" \/><input type=\"hidden\" name=\"post_id\" value=\"\" \/><input type=\"hidden\" name=\"post_title\" value=\"\" \/><input type=\"hidden\" name=\"quform_current_page_id\" value=\"1\" \/><input type=\"hidden\" name=\"quform_csrf_token\" value=\"LYJkiqjLsClrVxkSlGxoZCjglvlHBKU7ojs0lM3r\" \/><div class=\"quform-form-title-description\"><h2 class=\"quform-form-title\">\u0130leti\u015fim Formu<\/h2><\/div><div class=\"quform-elements quform-elements-2 quform-cf quform-responsive-elements-phone-landscape\"><div class=\"quform-element quform-element-page quform-page-1 quform-page-2_1 quform-cf quform-group-style-plain quform-first-page quform-last-page quform-current-page\"><div class=\"quform-child-elements\"><div class=\"quform-element quform-element-row quform-element-row-2_9 quform-2-columns quform-element-row-size-fixed quform-responsive-columns-phone-landscape\"><div class=\"quform-element quform-element-column quform-element-2_10\"><div class=\"quform-element quform-element-text quform-element-2_3 quform-cf quform-labels-inside quform-element-required\"><div class=\"quform-spacer\"><div class=\"quform-label quform-label-2_3\"><label class=\"quform-label-text\" for=\"quform_2_3_9b2cb0\">Ad Soyad<span class=\"quform-required\">*<\/span><\/label><\/div><div class=\"quform-inner quform-inner-text quform-inner-2_3 quform-field-size-medium\"><div class=\"quform-input quform-input-text quform-input-2_3 quform-cf\"><input type=\"text\" id=\"quform_2_3_9b2cb0\" name=\"quform_2_3\" class=\"quform-field quform-field-text quform-field-2_3\" \/><\/div><\/div><\/div><\/div><div class=\"quform-element quform-element-text quform-element-2_4 quform-cf quform-labels-inside quform-element-required\"><div class=\"quform-spacer\"><div class=\"quform-label quform-label-2_4\"><label class=\"quform-label-text\" for=\"quform_2_4_9b2cb0\">Firma Ad\u0131<span class=\"quform-required\">*<\/span><\/label><\/div><div class=\"quform-inner quform-inner-text quform-inner-2_4 quform-field-size-medium\"><div class=\"quform-input quform-input-text quform-input-2_4 quform-cf\"><input type=\"text\" id=\"quform_2_4_9b2cb0\" name=\"quform_2_4\" class=\"quform-field quform-field-text quform-field-2_4\" \/><\/div><\/div><\/div><\/div><\/div><div class=\"quform-element quform-element-column quform-element-2_11\"><div class=\"quform-element quform-element-text quform-element-2_5 quform-cf quform-labels-inside quform-element-required\"><div class=\"quform-spacer\"><div class=\"quform-label quform-label-2_5\"><label class=\"quform-label-text\" for=\"quform_2_5_9b2cb0\">Telefon<span class=\"quform-required\">*<\/span><\/label><\/div><div class=\"quform-inner quform-inner-text quform-inner-2_5 quform-field-size-medium\"><div class=\"quform-input quform-input-text quform-input-2_5 quform-cf\"><input type=\"text\" id=\"quform_2_5_9b2cb0\" name=\"quform_2_5\" class=\"quform-field quform-field-text quform-field-2_5\" \/><\/div><\/div><\/div><\/div><div class=\"quform-element quform-element-email quform-element-2_6 quform-cf quform-labels-inside quform-element-required\"><div class=\"quform-spacer\"><div class=\"quform-label quform-label-2_6\"><label class=\"quform-label-text\" for=\"quform_2_6_9b2cb0\">Mail<span class=\"quform-required\">*<\/span><\/label><\/div><div class=\"quform-inner quform-inner-email quform-inner-2_6 quform-field-size-medium\"><div class=\"quform-input quform-input-email quform-input-2_6 quform-cf\"><input type=\"email\" id=\"quform_2_6_9b2cb0\" name=\"quform_2_6\" class=\"quform-field quform-field-email quform-field-2_6\" \/><\/div><\/div><\/div><\/div><\/div><\/div><div class=\"quform-element quform-element-textarea quform-element-2_7 quform-cf quform-labels-inside quform-element-required\"><div class=\"quform-spacer\"><div class=\"quform-label quform-label-2_7\"><label class=\"quform-label-text\" for=\"quform_2_7_9b2cb0\">Mesaj\u0131n\u0131z<span class=\"quform-required\">*<\/span><\/label><\/div><div class=\"quform-inner quform-inner-textarea quform-inner-2_7 quform-field-size-medium\"><div class=\"quform-input quform-input-textarea quform-input-2_7 quform-cf\"><textarea id=\"quform_2_7_9b2cb0\" name=\"quform_2_7\" class=\"quform-field quform-field-textarea quform-field-2_7\"><\/textarea><\/div><\/div><\/div><\/div><div class=\"quform-element quform-element-row quform-element-row-2_12 quform-2-columns quform-element-row-size-fixed quform-responsive-columns-phone-landscape\"><div class=\"quform-element quform-element-column quform-element-2_13\"><div class=\"quform-element quform-element-captcha quform-element-2_8 quform-cf quform-labels-inside quform-element-required\"><div class=\"quform-spacer\"><div class=\"quform-label quform-label-2_8\"><label class=\"quform-label-text\" for=\"quform_2_8_9b2cb0\">L\u00fctfen A\u015fa\u011f\u0131daki Karakterleri Girin<span class=\"quform-required\">*<\/span><\/label><\/div><div class=\"quform-inner quform-inner-captcha quform-inner-2_8 quform-field-size-medium\"><div class=\"quform-input quform-input-captcha quform-input-2_8 quform-cf\"><input type=\"text\" id=\"quform_2_8_9b2cb0\" name=\"quform_2_8\" class=\"quform-field quform-field-captcha quform-field-2_8\" \/><\/div><div class=\"quform-captcha quform-cf\"><div class=\"quform-captcha-image quform-captcha-image-2_8\"><img loading=\"lazy\" src=\"data:image\/png;base64,iVBORw0KGgoAAAANSUhEUgAAAOYAAABQBAMAAAD\/1xTgAAAAIVBMVEX\/\/\/8iIiLj4+PHx8esrKyQkJB0dHRZWVk9PT1LS0t4eHgcJKYRAAAACXBIWXMAAA7EAAAOxAGVKw4bAAAEG0lEQVRoge1Xz1fbRhCWtZLsI0MMUnOScUNytGh47dEqEDjGpHFyxDQNPaK2oRwjkjj82ZnZ0WpXCkYSSXmv7+33nq1fu\/pm58c3K8exsLCwsLCwsLCw+N9hP753ygAedJwx\/vVbOXuw0WG0+3SeAcSdWcR8YlyNYNia0HFzIDzvyOg+y2HduE4rV6un\/eQIuArgLpy76BojgmJnAWuNk8YHlwDnPYi2iTF6F3eifC3tPC+v08rVCizkpLUZwO+wzJvHmxB7Qtr5Rt+iVcPF7YnoskPf49h1MqCDZymQL+Rk4+aM33fSyBldTDB\/hmTltDWlDOQ5\/ZlZ68mFNqTR4rMMADE7Tm5wPl7e6iEO5ImbQli5j5mYV5d+EzIc4UJE9po2Y6DfTVZO8iTlRzKzKjsDCN3dt6snMhL0qoDNDI02FUFWq8G6+3JPPyw4w9irp2kPNhv42LIIX7GZwhpmYXlXcDJEbwoiCnwUj\/d3lElLyvhhvxpOXkEz0NSJBxs9GHoU0wK+jAsRHeuFneHvExshHEHPs1o4sUBbSTxWpQ\/DAELf8Esf1qkYQOVloYwyiN7Z9cVUmlXRIIk2MuRQTa0HMERnbhstoUdxcp\/pYvtxrkgPlEY+rmqQRNaYsxIj2OyjuTm6TscikfLgLiiKpT9QYjLFHOLtIzzWOleDHihgST3BKp7BteGoRLqUZOVUvw7LV\/uY\/EAWfDDfJWiMuG6UMxyH7sXlmvrhLx1ex9\/GMHr8BO8du0e8QLnqU+NdlJBOv0UeZZiiazgSavH\/mctec5L5PqdNRjnOBRVN9ZSAym3QgjOVQu3V5NrZrkbLA6mMHlMPeEGQydC6Sif7ZMqoRdseMFtebdiiSBQFn6vGZ+qArhKALZKGMFeJ1iPOtEXu+lwQqSEJ0uRqrAJWxoCp5SEj2eRMnipOIONPGjkdLnxxphncHVaeSCtbn5WxX1LHgtwjZA0roUaXnQZ1PbwRab3KsAjOHXGQmTIzYM5BSU2\/HZnuuMkoBrH2R04z3Jc1w\/DFJIMoCXp6j88H6gAYznDxISENrrRAaL\/bNJEWtnqgu3iP5bw8RFKYQmyYZnP3G7cmq4BODYuTUk9H3AFG\/GQEP\/wpJdDdq059lMM\/d6HEFUR\/yZOZTvuEg54wdVIo4OnXk+M7UTrl1nympSnlMKWKmrBskaBtsVCdNFfrfPVHxjk8U9RQDeQ3IynywFP5wDWwjMXWTFE\/fPE9GWX2RUUvmxiccEWpurEnn7T6FOoC6tW\/PX2t0le1zSFTvz\/E3t1qD9IFgerMV8UNcfD2kr5peA8k\/z9PvzPpL\/z2cmNCQBF+lWvOu8nNbThUO60a8Gv8bDqTD7t8xLfDeP4v7ShvhLs\/v9R+v0eM4\/vntLCwsLCwsPjv8QXFCKoGvbi1ZwAAAABJRU5ErkJggg==\" alt=\"CAPTCHA Resmi\" data-element-id=\"8\" width=\"115\" height=\"40\" \/><\/div><\/div><\/div><\/div><\/div><\/div><div class=\"quform-element quform-element-column quform-element-2_14\"><div class=\"quform-element quform-element-submit quform-element-2_2 quform-cf quform-button-width-full\"><div class=\"quform-button-submit quform-button-submit-default quform-button-submit-2_2 quform-button-icon-right\"><button name=\"quform_submit\" type=\"submit\" class=\"quform-submit\" value=\"submit\"><span class=\"quform-button-text quform-button-submit-text\">G\u00f6nder<\/span><span class=\"quform-button-icon quform-button-submit-icon\"><i class=\"qicon-paper-plane\"><\/i><\/span><\/button><\/div><div class=\"quform-loading quform-loading-position-left quform-loading-type-spinner-1\"><div class=\"quform-loading-inner\"><div class=\"quform-loading-spinner\"><div class=\"quform-loading-spinner-inner\"><\/div><\/div><\/div><\/div><\/div><\/div><\/div><div class=\"quform-element-tree\"><label for=\"quform_2_0_9b2cb0\">Bu alan bo\u015f b\u0131rak\u0131lmal\u0131d\u0131r<\/label><input type=\"text\" id=\"quform_2_0_9b2cb0\" name=\"quform_2_0\" class=\"quform-field quform-field-tree quform-field-2_0\" tabindex=\"-1\" autocomplete=\"off\" \/><\/div><\/div><\/div><\/div><\/div><\/form><\/div><\/p>\t\t\t\t\t\t<\/div>\n\t\t\t\t<\/div>\n\t\t\t\t\t<\/div>\n\t\t<\/div>\n\t\t\t\t\t\t\t<\/div>\n\t\t<\/section>\n\t\t\t\t<section class=\"elementor-section elementor-top-section elementor-element elementor-element-39eea8a elementor-section-full_width elementor-section-height-default elementor-section-height-default rt-parallax-bg-no\" data-id=\"39eea8a\" data-element_type=\"section\">\n\t\t\t\t\t\t<div class=\"elementor-container elementor-column-gap-wider\">\n\t\t\t\t\t<div class=\"elementor-column elementor-col-100 elementor-top-column elementor-element elementor-element-63aa911\" data-id=\"63aa911\" data-element_type=\"column\">\n\t\t\t<div class=\"elementor-widget-wrap elementor-element-populated\">\n\t\t\t\t\t\t\t\t<div class=\"elementor-element elementor-element-ec80cf7 elementor-widget elementor-widget-google_maps\" data-id=\"ec80cf7\" data-element_type=\"widget\" data-widget_type=\"google_maps.default\">\n\t\t\t\t<div class=\"elementor-widget-container\">\n\t\t\t<style>\/*! elementor - v3.6.7 - 03-07-2022 *\/\n.elementor-widget-google_maps .elementor-widget-container{overflow:hidden}.elementor-widget-google_maps iframe{height:300px}<\/style>\t\t<div class=\"elementor-custom-embed\">\n\t\t\t<iframe frameborder=\"0\" scrolling=\"no\" marginheight=\"0\" marginwidth=\"0\"\n\t\t\t\t\tsrc=\"https:\/\/maps.google.com\/maps?q=40.992457%2C29.1154663&#038;t=m&#038;z=16&#038;output=embed&#038;iwloc=near\"\n\t\t\t\t\ttitle=\"40.992457,29.1154663\"\n\t\t\t\t\taria-label=\"40.992457,29.1154663\"\n\t\t\t><\/iframe>\n\t\t<\/div>\n\t\t\t\t<\/div>\n\t\t\t\t<\/div>\n\t\t\t\t\t<\/div>\n\t\t<\/div>\n\t\t\t\t\t\t\t<\/div>\n\t\t<\/section>\n\t\t\t\t\t\t\t<\/div>\n\t\t","protected":false},"excerpt":{"rendered":"<p>BZG HOLD\u0130NG Atat\u00fcrk Mahallesi Sedef Caddesi 36 Ada Ata 2\/2 K:1 D:62 Ata\u015fehir, \u0130stanbul \/ Turkiye +90 (216) 580 9494 +90 (216) 580 9474 info@bzg.com.tr<\/p>\n","protected":false},"author":1,"featured_media":0,"parent":0,"menu_order":0,"comment_status":"closed","ping_status":"closed","template":"","meta":[],"_links":{"self":[{"href":"https:\/\/www.bzg.com.tr\/tr\/wp-json\/wp\/v2\/pages\/778"}],"collection":[{"href":"https:\/\/www.bzg.com.tr\/tr\/wp-json\/wp\/v2\/pages"}],"about":[{"href":"https:\/\/www.bzg.com.tr\/tr\/wp-json\/wp\/v2\/types\/page"}],"author":[{"embeddable":true,"href":"https:\/\/www.bzg.com.tr\/tr\/wp-json\/wp\/v2\/users\/1"}],"replies":[{"embeddable":true,"href":"https:\/\/www.bzg.com.tr\/tr\/wp-json\/wp\/v2\/comments?post=778"}],"version-history":[{"count":4,"href":"https:\/\/www.bzg.com.tr\/tr\/wp-json\/wp\/v2\/pages\/778\/revisions"}],"predecessor-version":[{"id":782,"href":"https:\/\/www.bzg.com.tr\/tr\/wp-json\/wp\/v2\/pages\/778\/revisions\/782"}],"wp:attachment":[{"href":"https:\/\/www.bzg.com.tr\/tr\/wp-json\/wp\/v2\/media?parent=778"}],"curies":[{"name":"wp","href":"https:\/\/api.w.org\/{rel}","templated":true}]}}