{"id":784,"date":"2022-07-11T03:58:48","date_gmt":"2022-07-11T00:58:48","guid":{"rendered":"https:\/\/www.bzg.com.tr\/design-quality-and-trust\/"},"modified":"2022-07-25T05:09:24","modified_gmt":"2022-07-25T02:09:24","slug":"tasarim-kalite-ve-guven","status":"publish","type":"page","link":"https:\/\/www.bzg.com.tr\/tr\/tasarim-kalite-ve-guven\/","title":{"rendered":"Tasar\u0131m, Kalite ve G\u00fcven"},"content":{"rendered":"\t\t<div data-elementor-type=\"wp-page\" data-elementor-id=\"784\" class=\"elementor elementor-784 elementor-153\">\n\t\t\t\t\t\t\t\t\t<section class=\"elementor-section elementor-top-section elementor-element elementor-element-e972911 elementor-section-boxed elementor-section-height-default elementor-section-height-default rt-parallax-bg-no\" data-id=\"e972911\" data-element_type=\"section\">\n\t\t\t\t\t\t<div class=\"elementor-container elementor-column-gap-default\">\n\t\t\t\t\t<div class=\"elementor-column elementor-col-50 elementor-top-column elementor-element elementor-element-fc1ce84\" data-id=\"fc1ce84\" data-element_type=\"column\">\n\t\t\t<div class=\"elementor-widget-wrap elementor-element-populated\">\n\t\t\t\t\t\t\t\t<div class=\"elementor-element elementor-element-63d7599 elementor-widget elementor-widget-heading\" data-id=\"63d7599\" data-element_type=\"widget\" data-widget_type=\"heading.default\">\n\t\t\t\t<div class=\"elementor-widget-container\">\n\t\t\t<style>\/*! elementor - v3.6.7 - 03-07-2022 *\/\n.elementor-heading-title{padding:0;margin:0;line-height:1}.elementor-widget-heading .elementor-heading-title[class*=elementor-size-]>a{color:inherit;font-size:inherit;line-height:inherit}.elementor-widget-heading .elementor-heading-title.elementor-size-small{font-size:15px}.elementor-widget-heading .elementor-heading-title.elementor-size-medium{font-size:19px}.elementor-widget-heading .elementor-heading-title.elementor-size-large{font-size:29px}.elementor-widget-heading .elementor-heading-title.elementor-size-xl{font-size:39px}.elementor-widget-heading .elementor-heading-title.elementor-size-xxl{font-size:59px}<\/style><h3 class=\"elementor-heading-title elementor-size-default\">Yap\u0131lara tasar\u0131m\u0131n, kalitenin ve g\u00fcvenin izini b\u0131rak\u0131yoruz!<\/h3>\t\t<\/div>\n\t\t\t\t<\/div>\n\t\t\t\t<div class=\"elementor-element elementor-element-a053d4f elementor-widget elementor-widget-text-editor\" data-id=\"a053d4f\" data-element_type=\"widget\" data-widget_type=\"text-editor.default\">\n\t\t\t\t<div class=\"elementor-widget-container\">\n\t\t\t<style>\/*! elementor - v3.6.7 - 03-07-2022 *\/\n.elementor-widget-text-editor.elementor-drop-cap-view-stacked .elementor-drop-cap{background-color:#818a91;color:#fff}.elementor-widget-text-editor.elementor-drop-cap-view-framed .elementor-drop-cap{color:#818a91;border:3px solid;background-color:transparent}.elementor-widget-text-editor:not(.elementor-drop-cap-view-default) .elementor-drop-cap{margin-top:8px}.elementor-widget-text-editor:not(.elementor-drop-cap-view-default) .elementor-drop-cap-letter{width:1em;height:1em}.elementor-widget-text-editor .elementor-drop-cap{float:left;text-align:center;line-height:1;font-size:50px}.elementor-widget-text-editor .elementor-drop-cap-letter{display:inline-block}<\/style>\t\t\t\t<p>Yar\u0131m asr\u0131 ge\u00e7en deneyimimiz ve uzmanl\u0131\u011f\u0131m\u0131zla b\u00fcy\u00fck m\u00fchendislik ve mimarl\u0131k projelerini hayata ge\u00e7iriyor, altyap\u0131 ve \u00fcstyap\u0131 i\u015flerimizle \u015fehirlere yeni ve kal\u0131c\u0131 de\u011ferler kat\u0131yoruz.<\/p><p>BZG Holding \u00e7at\u0131s\u0131 alt\u0131nda sundu\u011fumuz entegre \u00e7\u00f6z\u00fcmlerle bir yandan tasar\u0131m, planlama ve yap\u0131m a\u015famalar\u0131nda g\u00f6rev al\u0131rken di\u011fer yandan da in\u015faat sekt\u00f6r\u00fcnde alt ve \u00fcstyap\u0131 olarak bir\u00e7ok b\u00fcy\u00fck projeye hayat veriyoruz. Yarat\u0131c\u0131 ve i\u015flevsel fikirlerin izini s\u00fcr\u00fcyor, bilgiyi harmanl\u0131yor, b\u00f6ylece kendimize \u00f6zg\u00fc \u00e7izgimizle hem yurt i\u00e7inde hem de yurt d\u0131\u015f\u0131nda \u00f6nc\u00fc ve \u00f6rnek nitelikte, kaliteli, yenilik\u00e7i bir\u00e7ok projeye imza at\u0131yoruz.<\/p><p>\u201cDetaydan b\u00fct\u00fcne m\u00fckemmellik\u201d prensibimizle ad\u0131m\u0131z\u0131 her projemize g\u00fcven unsuru olarak ta\u015f\u0131may\u0131 \u00f6nemsiyoruz. Modern mimari anlay\u0131\u015f\u0131m\u0131zla \u201ckimli\u011fi ve ruhu\u201d olan yap\u0131lar tasarl\u0131yoruz.<\/p><p>Yap\u0131 teknolojisinin sundu\u011fu inovatif \u00e7\u00f6z\u00fcmleri k\u0131sa s\u00fcrede benimseyerek uyguluyor; mimari tasar\u0131m ve yap\u0131 sekt\u00f6r\u00fcndeki yenilikleri inceleyerek bilgi birikimimizi devaml\u0131 g\u00fcncelliyor; geli\u015fmi\u015f yaz\u0131l\u0131m programlar\u0131 kullanarak in\u015faat s\u00fcre\u00e7lerini en \u00fcst seviyede planlay\u0131p kontrol ediyoruz.<\/p><p>Bu do\u011frultuda, tasar\u0131m\u0131n\u0131n ilk a\u015famalar\u0131ndan uygulamaya kadar, her ad\u0131m\u0131 \u00f6zenle g\u00f6zden ge\u00e7iriyoruz. Projelendirme, sat\u0131\u015f ve pazarlama, imalat, teslimat, teslim sonras\u0131 garanti ve son olarak m\u00fc\u015fteri teknik destek hizmetine kadar olan s\u00fcre\u00e7leri birbiriyle ba\u011flant\u0131l\u0131 ve minimum sorun hedefiyle planlayarak belirliyoruz. Do\u011fru ve etkin zaman y\u00f6netimiyle hem hi\u00e7bir detay\u0131 atlamadan her projemize gerekli s\u00fcreyi ay\u0131r\u0131yor hem de zaman\u0131nda teslim ilkemize uyuyoruz. B\u00f6ylece sonu\u00e7tan %100 memnun m\u00fc\u015fteriler yarat\u0131yoruz. Ger\u00e7ek bir marka olman\u0131n tek yolunun, \u201ceksiksiz ve ger\u00e7ek bir m\u00fc\u015fteri memnuniyeti sa\u011flamak ve m\u00fckemmeli yakalamak\u201d oldu\u011funa inan\u0131yoruz.<\/p><p>\u00a0<\/p>\t\t\t\t\t\t<\/div>\n\t\t\t\t<\/div>\n\t\t\t\t\t<\/div>\n\t\t<\/div>\n\t\t\t\t<div class=\"elementor-column elementor-col-50 elementor-top-column elementor-element elementor-element-7ffd558\" data-id=\"7ffd558\" data-element_type=\"column\">\n\t\t\t<div class=\"elementor-widget-wrap elementor-element-populated\">\n\t\t\t\t\t\t\t\t<div class=\"elementor-element elementor-element-8fe1152 elementor-widget elementor-widget-image\" data-id=\"8fe1152\" data-element_type=\"widget\" data-widget_type=\"image.default\">\n\t\t\t\t<div class=\"elementor-widget-container\">\n\t\t\t<style>\/*! elementor - v3.6.7 - 03-07-2022 *\/\n.elementor-widget-image{text-align:center}.elementor-widget-image a{display:inline-block}.elementor-widget-image a img[src$=\".svg\"]{width:48px}.elementor-widget-image img{vertical-align:middle;display:inline-block}<\/style>\t\t\t\t\t\t\t\t\t\t\t\t<img width=\"587\" height=\"576\" src=\"https:\/\/www.bzg.com.tr\/wp-content\/uploads\/2022\/07\/design.jpg\" class=\"attachment-large size-large\" alt=\"\" loading=\"lazy\" srcset=\"https:\/\/www.bzg.com.tr\/wp-content\/uploads\/2022\/07\/design.jpg 587w, https:\/\/www.bzg.com.tr\/wp-content\/uploads\/2022\/07\/design-300x294.jpg 300w, https:\/\/www.bzg.com.tr\/wp-content\/uploads\/2022\/07\/design-100x98.jpg 100w\" sizes=\"(max-width: 587px) 100vw, 587px\" \/>\t\t\t\t\t\t\t\t\t\t\t\t\t\t\t<\/div>\n\t\t\t\t<\/div>\n\t\t\t\t\t<\/div>\n\t\t<\/div>\n\t\t\t\t\t\t\t<\/div>\n\t\t<\/section>\n\t\t\t\t\t\t\t<\/div>\n\t\t","protected":false},"excerpt":{"rendered":"<p>Yap\u0131lara tasar\u0131m\u0131n, kalitenin ve g\u00fcvenin izini b\u0131rak\u0131yoruz! Yar\u0131m asr\u0131 ge\u00e7en deneyimimiz ve uzmanl\u0131\u011f\u0131m\u0131zla b\u00fcy\u00fck m\u00fchendislik ve mimarl\u0131k projelerini hayata ge\u00e7iriyor, altyap\u0131 ve \u00fcstyap\u0131 i\u015flerimizle \u015fehirlere yeni ve kal\u0131c\u0131 de\u011ferler kat\u0131yoruz. BZG Holding \u00e7at\u0131s\u0131 alt\u0131nda sundu\u011fumuz entegre \u00e7\u00f6z\u00fcmlerle bir yandan tasar\u0131m, planlama ve yap\u0131m a\u015famalar\u0131nda g\u00f6rev al\u0131rken di\u011fer yandan da in\u015faat sekt\u00f6r\u00fcnde alt ve \u00fcstyap\u0131 olarak [&hellip;]<\/p>\n","protected":false},"author":1,"featured_media":0,"parent":0,"menu_order":0,"comment_status":"closed","ping_status":"closed","template":"","meta":[],"_links":{"self":[{"href":"https:\/\/www.bzg.com.tr\/tr\/wp-json\/wp\/v2\/pages\/784"}],"collection":[{"href":"https:\/\/www.bzg.com.tr\/tr\/wp-json\/wp\/v2\/pages"}],"about":[{"href":"https:\/\/www.bzg.com.tr\/tr\/wp-json\/wp\/v2\/types\/page"}],"author":[{"embeddable":true,"href":"https:\/\/www.bzg.com.tr\/tr\/wp-json\/wp\/v2\/users\/1"}],"replies":[{"embeddable":true,"href":"https:\/\/www.bzg.com.tr\/tr\/wp-json\/wp\/v2\/comments?post=784"}],"version-history":[{"count":4,"href":"https:\/\/www.bzg.com.tr\/tr\/wp-json\/wp\/v2\/pages\/784\/revisions"}],"predecessor-version":[{"id":788,"href":"https:\/\/www.bzg.com.tr\/tr\/wp-json\/wp\/v2\/pages\/784\/revisions\/788"}],"wp:attachment":[{"href":"https:\/\/www.bzg.com.tr\/tr\/wp-json\/wp\/v2\/media?parent=784"}],"curies":[{"name":"wp","href":"https:\/\/api.w.org\/{rel}","templated":true}]}}