{"id":800,"date":"2022-07-11T04:10:37","date_gmt":"2022-07-11T01:10:37","guid":{"rendered":"https:\/\/www.bzg.com.tr\/innovation-through-deep-rooted-traditions\/"},"modified":"2022-07-25T05:18:37","modified_gmt":"2022-07-25T02:18:37","slug":"koklu-geleneklerden-yenicilikcilige-dogru","status":"publish","type":"page","link":"https:\/\/www.bzg.com.tr\/tr\/koklu-geleneklerden-yenicilikcilige-dogru\/","title":{"rendered":"K\u00f6kl\u00fc geleneklerden yeni\u00e7ilik\u00e7ili\u011fe do\u011fru"},"content":{"rendered":"\t\t<div data-elementor-type=\"wp-page\" data-elementor-id=\"800\" class=\"elementor elementor-800 elementor-174\">\n\t\t\t\t\t\t\t\t\t<section class=\"elementor-section elementor-top-section elementor-element elementor-element-e972911 elementor-section-boxed elementor-section-height-default elementor-section-height-default rt-parallax-bg-no\" data-id=\"e972911\" data-element_type=\"section\">\n\t\t\t\t\t\t<div class=\"elementor-container elementor-column-gap-default\">\n\t\t\t\t\t<div class=\"elementor-column elementor-col-50 elementor-top-column elementor-element elementor-element-fc1ce84\" data-id=\"fc1ce84\" data-element_type=\"column\">\n\t\t\t<div class=\"elementor-widget-wrap elementor-element-populated\">\n\t\t\t\t\t\t\t\t<div class=\"elementor-element elementor-element-63d7599 elementor-widget elementor-widget-heading\" data-id=\"63d7599\" data-element_type=\"widget\" data-widget_type=\"heading.default\">\n\t\t\t\t<div class=\"elementor-widget-container\">\n\t\t\t<style>\/*! elementor - v3.6.7 - 03-07-2022 *\/\n.elementor-heading-title{padding:0;margin:0;line-height:1}.elementor-widget-heading .elementor-heading-title[class*=elementor-size-]>a{color:inherit;font-size:inherit;line-height:inherit}.elementor-widget-heading .elementor-heading-title.elementor-size-small{font-size:15px}.elementor-widget-heading .elementor-heading-title.elementor-size-medium{font-size:19px}.elementor-widget-heading .elementor-heading-title.elementor-size-large{font-size:29px}.elementor-widget-heading .elementor-heading-title.elementor-size-xl{font-size:39px}.elementor-widget-heading .elementor-heading-title.elementor-size-xxl{font-size:59px}<\/style><h3 class=\"elementor-heading-title elementor-size-default\">K\u00f6kl\u00fc geleneklerden yeni\u00e7ilik\u00e7ili\u011fe do\u011fru<\/h3>\t\t<\/div>\n\t\t\t\t<\/div>\n\t\t\t\t<div class=\"elementor-element elementor-element-a053d4f elementor-widget elementor-widget-text-editor\" data-id=\"a053d4f\" data-element_type=\"widget\" data-widget_type=\"text-editor.default\">\n\t\t\t\t<div class=\"elementor-widget-container\">\n\t\t\t<style>\/*! elementor - v3.6.7 - 03-07-2022 *\/\n.elementor-widget-text-editor.elementor-drop-cap-view-stacked .elementor-drop-cap{background-color:#818a91;color:#fff}.elementor-widget-text-editor.elementor-drop-cap-view-framed .elementor-drop-cap{color:#818a91;border:3px solid;background-color:transparent}.elementor-widget-text-editor:not(.elementor-drop-cap-view-default) .elementor-drop-cap{margin-top:8px}.elementor-widget-text-editor:not(.elementor-drop-cap-view-default) .elementor-drop-cap-letter{width:1em;height:1em}.elementor-widget-text-editor .elementor-drop-cap{float:left;text-align:center;line-height:1;font-size:50px}.elementor-widget-text-editor .elementor-drop-cap-letter{display:inline-block}<\/style>\t\t\t\t<p><span style=\"color: #1e1c54;\"><strong>\u0130NOVASYON<\/strong><\/span><br \/>Yap\u0131m i\u015flerini kolayla\u015ft\u0131rmak, h\u0131zland\u0131rmak ve daha g\u00fcvenli hale getirmek, ayn\u0131 zamanda maliyetleri azaltmak amac\u0131yla yeni teknolojileri takip edip uygulayarak sekt\u00f6re katk\u0131, m\u00fc\u015fterilerimize fayda sa\u011flayan yenilik\u00e7i \u00e7\u00f6z\u00fcmler \u00fcretiyoruz.\u00a0<\/p><p><span style=\"color: #1e1c54;\"><strong>\u00c7EVRESEL, SOSYAL VE EKONOM\u0130K S\u00dcRD\u00dcR\u00dcLEB\u0130L\u0130RL\u0130K<\/strong><\/span><br \/>\u015eirketimizin sa\u011fl\u0131kl\u0131 b\u00fcy\u00fcmesi, \u00e7al\u0131\u015fanlar\u0131m\u0131za ve topluma fayda sa\u011flamas\u0131, faaliyetlerimizin \u00e7evre dostu olmas\u0131 i\u00e7in t\u00fcm projelerimizde s\u00fcrd\u00fcr\u00fclebilirlik ilkelerini g\u00f6zetiyor, bilimsel ve teknolojik geli\u015fmeleri, \u00e7evre koruma bilincini ve insan sa\u011fl\u0131\u011f\u0131n\u0131 \u00f6n planda tutuyoruz. Do\u011fal kaynaklar\u0131 en etkili \u015fekilde kullan\u0131yor, do\u011fayla dost enerji kaynaklar\u0131 kullanmaya \u00f6ncelik veriyor, \u00e7evreyle ilgili kanun ve idari d\u00fczenlemelere ve faaliyetlerimizle ilgili di\u011fer \u00e7evre koruma gerekliliklerine uyuyoruz.<\/p><p><span style=\"color: #1e1c54;\"><strong>TASARIM VE YARATICILIK<\/strong><\/span><br \/>Bizim i\u00e7in mimari tasar\u0131mlar, hayal g\u00fcc\u00fcyle matemati\u011fin m\u00fckemmel uyumudur. Sanatla akl\u0131n<br \/>bulu\u015fmas\u0131d\u0131r. \u0130\u015fin matemati\u011fini bilmek, yarat\u0131c\u0131l\u0131\u011f\u0131m\u0131z\u0131 sadece tasar\u0131mlar\u0131m\u0131zda de\u011fil, \u00e7\u00f6z\u00fcm \u00fcretmede de kullanmam\u0131z\u0131 sa\u011flar. T\u00fcm bunlar\u0131n \u00f6tesinde, projelerimizi farkl\u0131la\u015ft\u0131ran en \u00f6nemli unsur, yap\u0131lara mimari olarak kattt\u0131\u011f\u0131m\u0131z ruhtur\u2026<\/p><p><span style=\"color: #1e1c54;\"><strong>KAL\u0130TEL\u0130 H\u0130ZMET, G\u00dcVENL\u0130 YAPILAR<\/strong><\/span><br \/>M\u00fc\u015fterilerinin g\u00fcvendi\u011fi ve tercih etti\u011fi isim olmay\u0131 s\u00fcrd\u00fcrmek i\u00e7in hem k\u00f6kl\u00fc ge\u00e7mi\u015fimizle \u201ckaliteli hizmet, g\u00fcvenli yap\u0131lar\u201d anlay\u0131\u015f\u0131n\u0131 koruyor hem de in\u015faat sekt\u00f6r\u00fcndeki t\u00fcm teknolojik geli\u015fmeleri yak\u0131ndan izliyor, en son teknoloji ve in\u015faat yeniliklerini uyguluyoruz. M\u00fc\u015fteri memnuniyetini s\u00fcrekli k\u0131lmak i\u00e7in kaynaklar\u0131 ekonomik, etkin ve verimli bir bi\u00e7imde kullan\u0131yor; hizmetlerimizin fiyat-verimlilik dengesini g\u00f6zetiyor; \u00e7al\u0131\u015fanlar\u0131m\u0131z\u0131n mesleki geli\u015fimlerini destekleyerek \u201c\u00c7a\u011fda\u015f Kalite De\u011ferlerine\u201d ula\u015fmay\u0131 ve s\u00fcrekli iyile\u015ftirmeyi ama\u00e7l\u0131yoruz.<\/p>\t\t\t\t\t\t<\/div>\n\t\t\t\t<\/div>\n\t\t\t\t\t<\/div>\n\t\t<\/div>\n\t\t\t\t<div class=\"elementor-column elementor-col-50 elementor-top-column elementor-element elementor-element-1be136f\" data-id=\"1be136f\" data-element_type=\"column\">\n\t\t\t<div class=\"elementor-widget-wrap elementor-element-populated\">\n\t\t\t\t\t\t\t\t<div class=\"elementor-element elementor-element-ba83f4c elementor-widget elementor-widget-image\" data-id=\"ba83f4c\" data-element_type=\"widget\" data-widget_type=\"image.default\">\n\t\t\t\t<div class=\"elementor-widget-container\">\n\t\t\t<style>\/*! elementor - v3.6.7 - 03-07-2022 *\/\n.elementor-widget-image{text-align:center}.elementor-widget-image a{display:inline-block}.elementor-widget-image a img[src$=\".svg\"]{width:48px}.elementor-widget-image img{vertical-align:middle;display:inline-block}<\/style>\t\t\t\t\t\t\t\t\t\t\t\t<img width=\"583\" height=\"573\" src=\"https:\/\/www.bzg.com.tr\/wp-content\/uploads\/2022\/07\/innova.jpg\" class=\"attachment-large size-large\" alt=\"\" loading=\"lazy\" srcset=\"https:\/\/www.bzg.com.tr\/wp-content\/uploads\/2022\/07\/innova.jpg 583w, https:\/\/www.bzg.com.tr\/wp-content\/uploads\/2022\/07\/innova-300x295.jpg 300w, https:\/\/www.bzg.com.tr\/wp-content\/uploads\/2022\/07\/innova-100x98.jpg 100w\" sizes=\"(max-width: 583px) 100vw, 583px\" \/>\t\t\t\t\t\t\t\t\t\t\t\t\t\t\t<\/div>\n\t\t\t\t<\/div>\n\t\t\t\t\t<\/div>\n\t\t<\/div>\n\t\t\t\t\t\t\t<\/div>\n\t\t<\/section>\n\t\t\t\t\t\t\t<\/div>\n\t\t","protected":false},"excerpt":{"rendered":"<p>K\u00f6kl\u00fc geleneklerden yeni\u00e7ilik\u00e7ili\u011fe do\u011fru \u0130NOVASYONYap\u0131m i\u015flerini kolayla\u015ft\u0131rmak, h\u0131zland\u0131rmak ve daha g\u00fcvenli hale getirmek, ayn\u0131 zamanda maliyetleri azaltmak amac\u0131yla yeni teknolojileri takip edip uygulayarak sekt\u00f6re katk\u0131, m\u00fc\u015fterilerimize fayda sa\u011flayan yenilik\u00e7i \u00e7\u00f6z\u00fcmler \u00fcretiyoruz.\u00a0 \u00c7EVRESEL, SOSYAL VE EKONOM\u0130K S\u00dcRD\u00dcR\u00dcLEB\u0130L\u0130RL\u0130K\u015eirketimizin sa\u011fl\u0131kl\u0131 b\u00fcy\u00fcmesi, \u00e7al\u0131\u015fanlar\u0131m\u0131za ve topluma fayda sa\u011flamas\u0131, faaliyetlerimizin \u00e7evre dostu olmas\u0131 i\u00e7in t\u00fcm projelerimizde s\u00fcrd\u00fcr\u00fclebilirlik ilkelerini g\u00f6zetiyor, bilimsel ve [&hellip;]<\/p>\n","protected":false},"author":1,"featured_media":0,"parent":0,"menu_order":0,"comment_status":"closed","ping_status":"closed","template":"","meta":[],"_links":{"self":[{"href":"https:\/\/www.bzg.com.tr\/tr\/wp-json\/wp\/v2\/pages\/800"}],"collection":[{"href":"https:\/\/www.bzg.com.tr\/tr\/wp-json\/wp\/v2\/pages"}],"about":[{"href":"https:\/\/www.bzg.com.tr\/tr\/wp-json\/wp\/v2\/types\/page"}],"author":[{"embeddable":true,"href":"https:\/\/www.bzg.com.tr\/tr\/wp-json\/wp\/v2\/users\/1"}],"replies":[{"embeddable":true,"href":"https:\/\/www.bzg.com.tr\/tr\/wp-json\/wp\/v2\/comments?post=800"}],"version-history":[{"count":4,"href":"https:\/\/www.bzg.com.tr\/tr\/wp-json\/wp\/v2\/pages\/800\/revisions"}],"predecessor-version":[{"id":804,"href":"https:\/\/www.bzg.com.tr\/tr\/wp-json\/wp\/v2\/pages\/800\/revisions\/804"}],"wp:attachment":[{"href":"https:\/\/www.bzg.com.tr\/tr\/wp-json\/wp\/v2\/media?parent=800"}],"curies":[{"name":"wp","href":"https:\/\/api.w.org\/{rel}","templated":true}]}}