{"id":806,"date":"2022-07-11T04:30:25","date_gmt":"2022-07-11T01:30:25","guid":{"rendered":"https:\/\/www.bzg.com.tr\/our-areas-of-expertise\/"},"modified":"2022-08-05T16:04:37","modified_gmt":"2022-08-05T13:04:37","slug":"uzmanlik-alanlarimiz","status":"publish","type":"page","link":"https:\/\/www.bzg.com.tr\/tr\/uzmanlik-alanlarimiz\/","title":{"rendered":"Uzmanl\u0131k alanlar\u0131m\u0131z"},"content":{"rendered":"\t\t<div data-elementor-type=\"wp-page\" data-elementor-id=\"806\" class=\"elementor elementor-806 elementor-210\">\n\t\t\t\t\t\t\t\t\t<section class=\"elementor-section elementor-top-section elementor-element elementor-element-e972911 elementor-section-boxed elementor-section-height-default elementor-section-height-default rt-parallax-bg-no\" data-id=\"e972911\" data-element_type=\"section\">\n\t\t\t\t\t\t<div class=\"elementor-container elementor-column-gap-default\">\n\t\t\t\t\t<div class=\"elementor-column elementor-col-50 elementor-top-column elementor-element elementor-element-fc1ce84\" data-id=\"fc1ce84\" data-element_type=\"column\">\n\t\t\t<div class=\"elementor-widget-wrap elementor-element-populated\">\n\t\t\t\t\t\t\t\t<div class=\"elementor-element elementor-element-63d7599 elementor-widget elementor-widget-heading\" data-id=\"63d7599\" data-element_type=\"widget\" data-widget_type=\"heading.default\">\n\t\t\t\t<div class=\"elementor-widget-container\">\n\t\t\t<style>\/*! elementor - v3.6.7 - 03-07-2022 *\/\n.elementor-heading-title{padding:0;margin:0;line-height:1}.elementor-widget-heading .elementor-heading-title[class*=elementor-size-]>a{color:inherit;font-size:inherit;line-height:inherit}.elementor-widget-heading .elementor-heading-title.elementor-size-small{font-size:15px}.elementor-widget-heading .elementor-heading-title.elementor-size-medium{font-size:19px}.elementor-widget-heading .elementor-heading-title.elementor-size-large{font-size:29px}.elementor-widget-heading .elementor-heading-title.elementor-size-xl{font-size:39px}.elementor-widget-heading .elementor-heading-title.elementor-size-xxl{font-size:59px}<\/style><h3 class=\"elementor-heading-title elementor-size-default\">Uzmanl\u0131k alanlar\u0131m\u0131z<\/h3>\t\t<\/div>\n\t\t\t\t<\/div>\n\t\t\t\t<div class=\"elementor-element elementor-element-e5943df elementor-widget elementor-widget-heading\" data-id=\"e5943df\" data-element_type=\"widget\" data-widget_type=\"heading.default\">\n\t\t\t\t<div class=\"elementor-widget-container\">\n\t\t\t<h3 class=\"elementor-heading-title elementor-size-default\">\"Ne yaparsak ya\u015fama de\u011fer katmak i\u00e7in yap\u0131yoruz.\"<\/h3>\t\t<\/div>\n\t\t\t\t<\/div>\n\t\t\t\t<div class=\"elementor-element elementor-element-a053d4f elementor-widget elementor-widget-text-editor\" data-id=\"a053d4f\" data-element_type=\"widget\" data-widget_type=\"text-editor.default\">\n\t\t\t\t<div class=\"elementor-widget-container\">\n\t\t\t<style>\/*! elementor - v3.6.7 - 03-07-2022 *\/\n.elementor-widget-text-editor.elementor-drop-cap-view-stacked .elementor-drop-cap{background-color:#818a91;color:#fff}.elementor-widget-text-editor.elementor-drop-cap-view-framed .elementor-drop-cap{color:#818a91;border:3px solid;background-color:transparent}.elementor-widget-text-editor:not(.elementor-drop-cap-view-default) .elementor-drop-cap{margin-top:8px}.elementor-widget-text-editor:not(.elementor-drop-cap-view-default) .elementor-drop-cap-letter{width:1em;height:1em}.elementor-widget-text-editor .elementor-drop-cap{float:left;text-align:center;line-height:1;font-size:50px}.elementor-widget-text-editor .elementor-drop-cap-letter{display:inline-block}<\/style>\t\t\t\t<p><span style=\"color: #1e1c54;\"><strong>\u0130N\u015eAAT TAAHH\u00dcT<\/strong><\/span><br \/>Kaliteyi, i\u015f program\u0131n\u0131 ve i\u015f g\u00fcvenli\u011fini \u00f6ncelikli tutuyor, \u00fcstlendi\u011fimiz projeleri en iyi \u015fekilde ve zaman\u0131nda teslim ediyor, \u00f6zel yaz\u0131l\u0131mlar\u0131m\u0131zla yapt\u0131\u011f\u0131m\u0131z planlamalarla projelerimizi i\u015f program\u0131nda gecikmeye mahal vermeden tamaml\u0131yoruz. Her projenin devreye alma ve operasyon s\u00fcre\u00e7lerini etkin ve verimli bir \u015fekilde ger\u00e7ekle\u015ftiriyor, her a\u015famada m\u00fc\u015fterilerimize art\u0131 de\u011fer katmak i\u00e7in \u00e7al\u0131\u015f\u0131yoruz.<br \/><br \/><\/p><p><span style=\"color: #1e1c54;\"><strong>PROJE VE TASARIM, ENTEGRE Y\u00d6NET\u0130M<\/strong><\/span><br \/>Deneyimli kadromuzla m\u00fc\u015fterilerinin beklentileri do\u011frultusunda tasar\u0131m, dizayn m\u00fchendisli\u011fi ve proje y\u00f6netimi hizmetleri sunuyoruz. Uzmanl\u0131\u011f\u0131m\u0131z\u0131 g\u00f6sterdi\u011fimiz alanlar aras\u0131nda, veri merkezi, sismik yap\u0131lar, hastane, i\u015f merkezi, end\u00fcstriyel tesis, kompleks ve y\u00fcksek binalar yer al\u0131yor.<br \/><br \/><\/p><p><span style=\"color: #1e1c54;\"><strong>GAYR\u0130MENKUL<\/strong><\/span><br \/>Gayrimenkul projeleri konusunda k\u00f6kl\u00fc bir ge\u00e7mi\u015fimizle yarat\u0131c\u0131 tasar\u0131mlar ile \u00fcst\u00fcn mimariyi bulu\u015fturan, \u00e7evre dostu, y\u00fcksek kaliteli ve b\u00f6lgeye \u00f6zel projeler \u00fczerinde \u00e7al\u0131\u015f\u0131yoruz.<br \/><br \/><\/p><p><span style=\"color: #1e1c54;\"><strong>\u0130\u00c7 M\u0130MARLIK \/ END\u00dcSTR\u0130YEL TASARIM<\/strong><\/span><br \/>Alan\u0131nda uzman kadromuz, yarat\u0131c\u0131 fikirlerimiz ve inovatif \u00e7\u00f6z\u00fcmlerimizle, tasar\u0131m ve \u00fcretimdeki son yenilikleri ve trendleri yans\u0131tan i\u00e7 mimarl\u0131k ve end\u00fcstriyel tasar\u0131m hizmetleri veriyoruz.<br \/><br \/><\/p><p><span style=\"color: #1e1c54;\"><strong>DI\u015e T\u0130CARET<\/strong><\/span><br \/>Firmam\u0131z\u0131n d\u0131\u015f ticaret b\u00f6l\u00fcm\u00fc ile kaliteyi s\u0131n\u0131rlar\u0131n \u00f6tesine ta\u015f\u0131yor, d\u00fcnyan\u0131n \u00e7e\u015fitli \u00fclkelerine in\u015faat malzemesi ihracat\u0131 yap\u0131yoruz.<br \/><br \/><\/p><p><span style=\"color: #1e1c54;\"><strong>LOJ\u0130ST\u0130K<\/strong><\/span><br \/>Firmam\u0131za ait t\u0131r ve ara\u00e7larla zaman\u0131nda ve uluslararas\u0131 standartlarda ta\u015f\u0131mac\u0131l\u0131k faaliyetleri ger\u00e7ekle\u015ftiriyoruz.<br \/><br \/><\/p><p><span style=\"color: #1e1c54;\"><strong>ORGAN\u0130K TARIM<\/strong><\/span><br \/>Su kaynaklar\u0131n\u0131 ve topra\u011f\u0131 koruyan, ayn\u0131 zamanda sa\u011fl\u0131kl\u0131 \u00fcr\u00fcnlerle insanlar\u0131n ya\u015fam kalitesini art\u0131ran organik tar\u0131m sekt\u00f6r\u00fcnde, s\u00fcrd\u00fcr\u00fclebilirlik ilkelerimiz do\u011frultusunda \u00e7\u00f6z\u00fcmler sunuyoruz.<br \/><br \/><\/p><p><span style=\"color: #1e1c54;\"><strong>\u0130\u015e MAK\u0130NALARI<\/strong><\/span><br \/>T\u00fcrkiye\u2019deki ana ge\u00e7im kaynaklar\u0131ndan biri olan, insanlar\u0131n beslenmesinden ihracata kadar \u00f6nemli bir rol oynayan tar\u0131ma verdi\u011fimiz \u00f6nemle, \u00e7ift\u00e7ilerimizin i\u015flerini kolayla\u015ft\u0131ran, teknoloji ve uzmanl\u0131k \u00fcr\u00fcn\u00fc i\u015f makineleri \u00fcretiyoruz.<br \/><br \/><\/p><p><span style=\"color: #1e1c54;\"><strong>MODA \/ TASARIM<\/strong><\/span><br \/>Tasar\u0131m anlay\u0131\u015f\u0131m\u0131z\u0131 ya\u015fam\u0131n pek \u00e7ok alan\u0131na yans\u0131t\u0131yor ve &#8220;Bad\u0131sabah Arts &amp; Design&#8221; markam\u0131zla moda alan\u0131nda faaliyet g\u00f6steriyoruz..<\/p>\t\t\t\t\t\t<\/div>\n\t\t\t\t<\/div>\n\t\t\t\t\t<\/div>\n\t\t<\/div>\n\t\t\t\t<div class=\"elementor-column elementor-col-50 elementor-top-column elementor-element elementor-element-11571c9\" data-id=\"11571c9\" data-element_type=\"column\">\n\t\t\t<div class=\"elementor-widget-wrap elementor-element-populated\">\n\t\t\t\t\t\t\t\t<div class=\"elementor-element elementor-element-0fe0c93 elementor-widget elementor-widget-image\" data-id=\"0fe0c93\" data-element_type=\"widget\" data-widget_type=\"image.default\">\n\t\t\t\t<div class=\"elementor-widget-container\">\n\t\t\t<style>\/*! elementor - v3.6.7 - 03-07-2022 *\/\n.elementor-widget-image{text-align:center}.elementor-widget-image a{display:inline-block}.elementor-widget-image a img[src$=\".svg\"]{width:48px}.elementor-widget-image img{vertical-align:middle;display:inline-block}<\/style>\t\t\t\t\t\t\t\t\t\t\t\t<img width=\"651\" height=\"648\" src=\"https:\/\/www.bzg.com.tr\/wp-content\/uploads\/2022\/07\/areas.jpg\" class=\"attachment-large size-large\" alt=\"\" loading=\"lazy\" srcset=\"https:\/\/www.bzg.com.tr\/wp-content\/uploads\/2022\/07\/areas.jpg 651w, https:\/\/www.bzg.com.tr\/wp-content\/uploads\/2022\/07\/areas-300x300.jpg 300w, https:\/\/www.bzg.com.tr\/wp-content\/uploads\/2022\/07\/areas-150x150.jpg 150w\" sizes=\"(max-width: 651px) 100vw, 651px\" \/>\t\t\t\t\t\t\t\t\t\t\t\t\t\t\t<\/div>\n\t\t\t\t<\/div>\n\t\t\t\t<div class=\"elementor-element elementor-element-02d0a92 elementor-widget elementor-widget-image\" data-id=\"02d0a92\" data-element_type=\"widget\" data-widget_type=\"image.default\">\n\t\t\t\t<div class=\"elementor-widget-container\">\n\t\t\t\t\t\t\t\t\t\t\t\t\t\t\t<img width=\"581\" height=\"585\" src=\"https:\/\/www.bzg.com.tr\/wp-content\/uploads\/2022\/07\/activity.jpg\" class=\"attachment-large size-large\" alt=\"\" loading=\"lazy\" srcset=\"https:\/\/www.bzg.com.tr\/wp-content\/uploads\/2022\/07\/activity.jpg 581w, https:\/\/www.bzg.com.tr\/wp-content\/uploads\/2022\/07\/activity-298x300.jpg 298w, https:\/\/www.bzg.com.tr\/wp-content\/uploads\/2022\/07\/activity-150x150.jpg 150w\" sizes=\"(max-width: 581px) 100vw, 581px\" \/>\t\t\t\t\t\t\t\t\t\t\t\t\t\t\t<\/div>\n\t\t\t\t<\/div>\n\t\t\t\t\t<\/div>\n\t\t<\/div>\n\t\t\t\t\t\t\t<\/div>\n\t\t<\/section>\n\t\t\t\t\t\t\t<\/div>\n\t\t","protected":false},"excerpt":{"rendered":"<p>Uzmanl\u0131k alanlar\u0131m\u0131z &#8220;Ne yaparsak ya\u015fama de\u011fer katmak i\u00e7in yap\u0131yoruz.&#8221; \u0130N\u015eAAT TAAHH\u00dcTKaliteyi, i\u015f program\u0131n\u0131 ve i\u015f g\u00fcvenli\u011fini \u00f6ncelikli tutuyor, \u00fcstlendi\u011fimiz projeleri en iyi \u015fekilde ve zaman\u0131nda teslim ediyor, \u00f6zel yaz\u0131l\u0131mlar\u0131m\u0131zla yapt\u0131\u011f\u0131m\u0131z planlamalarla projelerimizi i\u015f program\u0131nda gecikmeye mahal vermeden tamaml\u0131yoruz. Her projenin devreye alma ve operasyon s\u00fcre\u00e7lerini etkin ve verimli bir \u015fekilde ger\u00e7ekle\u015ftiriyor, her a\u015famada m\u00fc\u015fterilerimize art\u0131 [&hellip;]<\/p>\n","protected":false},"author":1,"featured_media":0,"parent":0,"menu_order":0,"comment_status":"closed","ping_status":"closed","template":"","meta":[],"_links":{"self":[{"href":"https:\/\/www.bzg.com.tr\/tr\/wp-json\/wp\/v2\/pages\/806"}],"collection":[{"href":"https:\/\/www.bzg.com.tr\/tr\/wp-json\/wp\/v2\/pages"}],"about":[{"href":"https:\/\/www.bzg.com.tr\/tr\/wp-json\/wp\/v2\/types\/page"}],"author":[{"embeddable":true,"href":"https:\/\/www.bzg.com.tr\/tr\/wp-json\/wp\/v2\/users\/1"}],"replies":[{"embeddable":true,"href":"https:\/\/www.bzg.com.tr\/tr\/wp-json\/wp\/v2\/comments?post=806"}],"version-history":[{"count":29,"href":"https:\/\/www.bzg.com.tr\/tr\/wp-json\/wp\/v2\/pages\/806\/revisions"}],"predecessor-version":[{"id":1169,"href":"https:\/\/www.bzg.com.tr\/tr\/wp-json\/wp\/v2\/pages\/806\/revisions\/1169"}],"wp:attachment":[{"href":"https:\/\/www.bzg.com.tr\/tr\/wp-json\/wp\/v2\/media?parent=806"}],"curies":[{"name":"wp","href":"https:\/\/api.w.org\/{rel}","templated":true}]}}