{"id":815,"date":"2022-07-11T03:50:39","date_gmt":"2022-07-11T00:50:39","guid":{"rendered":"https:\/\/www.bzg.com.tr\/our-vision-and-mission\/"},"modified":"2022-07-25T05:36:05","modified_gmt":"2022-07-25T02:36:05","slug":"vizyon-ve-misyonumuz","status":"publish","type":"page","link":"https:\/\/www.bzg.com.tr\/tr\/vizyon-ve-misyonumuz\/","title":{"rendered":"Vizyon ve Misyonumuz"},"content":{"rendered":"\t\t<div data-elementor-type=\"wp-page\" data-elementor-id=\"815\" class=\"elementor elementor-815 elementor-143\">\n\t\t\t\t\t\t\t\t\t<section class=\"elementor-section elementor-top-section elementor-element elementor-element-e972911 elementor-section-boxed elementor-section-height-default elementor-section-height-default rt-parallax-bg-no\" data-id=\"e972911\" data-element_type=\"section\">\n\t\t\t\t\t\t<div class=\"elementor-container elementor-column-gap-default\">\n\t\t\t\t\t<div class=\"elementor-column elementor-col-50 elementor-top-column elementor-element elementor-element-fc1ce84\" data-id=\"fc1ce84\" data-element_type=\"column\">\n\t\t\t<div class=\"elementor-widget-wrap elementor-element-populated\">\n\t\t\t\t\t\t\t\t<div class=\"elementor-element elementor-element-63d7599 elementor-widget elementor-widget-heading\" data-id=\"63d7599\" data-element_type=\"widget\" data-widget_type=\"heading.default\">\n\t\t\t\t<div class=\"elementor-widget-container\">\n\t\t\t<style>\/*! elementor - v3.6.7 - 03-07-2022 *\/\n.elementor-heading-title{padding:0;margin:0;line-height:1}.elementor-widget-heading .elementor-heading-title[class*=elementor-size-]>a{color:inherit;font-size:inherit;line-height:inherit}.elementor-widget-heading .elementor-heading-title.elementor-size-small{font-size:15px}.elementor-widget-heading .elementor-heading-title.elementor-size-medium{font-size:19px}.elementor-widget-heading .elementor-heading-title.elementor-size-large{font-size:29px}.elementor-widget-heading .elementor-heading-title.elementor-size-xl{font-size:39px}.elementor-widget-heading .elementor-heading-title.elementor-size-xxl{font-size:59px}<\/style><h3 class=\"elementor-heading-title elementor-size-default\">Vizyonu ve Misyonumuz<\/h3>\t\t<\/div>\n\t\t\t\t<\/div>\n\t\t\t\t<div class=\"elementor-element elementor-element-a053d4f elementor-widget elementor-widget-text-editor\" data-id=\"a053d4f\" data-element_type=\"widget\" data-widget_type=\"text-editor.default\">\n\t\t\t\t<div class=\"elementor-widget-container\">\n\t\t\t<style>\/*! elementor - v3.6.7 - 03-07-2022 *\/\n.elementor-widget-text-editor.elementor-drop-cap-view-stacked .elementor-drop-cap{background-color:#818a91;color:#fff}.elementor-widget-text-editor.elementor-drop-cap-view-framed .elementor-drop-cap{color:#818a91;border:3px solid;background-color:transparent}.elementor-widget-text-editor:not(.elementor-drop-cap-view-default) .elementor-drop-cap{margin-top:8px}.elementor-widget-text-editor:not(.elementor-drop-cap-view-default) .elementor-drop-cap-letter{width:1em;height:1em}.elementor-widget-text-editor .elementor-drop-cap{float:left;text-align:center;line-height:1;font-size:50px}.elementor-widget-text-editor .elementor-drop-cap-letter{display:inline-block}<\/style>\t\t\t\t<h4><strong>Vizyonumuz<\/strong><\/h4><ul><li>D\u00fcnyan\u0131n her yerinde global standartlarda kaliteli imalat yapmak, kalite ve zaman\u0131nda teslim prensiplerimizden taviz vermeden \u00fcretim yapmaya devam etmek.<\/li><li>Yat\u0131r\u0131mc\u0131lar\u0131m\u0131za de\u011fer \u00fcretirken al\u0131c\u0131lara da kazan\u00e7 sa\u011flayan pazarlama stratejileri izlemek.<\/li><li>Geleneksel aile de\u011ferlerini koruyarak modern ve ya\u015fanabilir alanlar olu\u015fturmak.<\/li><li>Sat\u0131\u015f ve teslim sonras\u0131 m\u00fc\u015fteri memnuniyet oran\u0131m\u0131z\u0131 en y\u00fcksek seviyede tutarak markala\u015fma s\u00fcrecini planlamak, y\u00fcr\u00fctmek, geli\u015ftirmek ve s\u00fcrekli iyile\u015ftirmek. B\u00f6ylece, sekt\u00f6re her konuda \u00f6nc\u00fcl\u00fck eden bir kurum olmak.<\/li><\/ul><h4><strong>Misyonumuz<\/strong><\/h4><ul><li>\u00d6ncelikle kaliteli i\u015fler \u00fcreterek marka bilinirli\u011fimizi bu kaliteden do\u011facak g\u00fcven \u00fczerine in\u015fa etmeyi ama\u00e7l\u0131yoruz.<\/li><li>Projelendirme, sat\u0131\u015f ve pazarlama, imalat, teslimat, teslim sonras\u0131 garanti ve m\u00fc\u015fteri teknik destek hizmetine kadar olan t\u00fcm s\u00fcre\u00e7leri birbiri ile ba\u011flant\u0131l\u0131 ve minimum sorun hedefi ile planlayarak belirliyoruz.<\/li><li>En yenilik\u00e7i ve teknolojik \u00fcr\u00fcnleri, k\u00fclt\u00fcr\u00fcm\u00fcz\u00fcn ve geleneklerimizin de\u011ferleri ile birle\u015ftiriyor; modern, ya\u015famaya de\u011fer, \u00f6rnek ve \u00f6nc\u00fc projeler \u00fcretiyoruz.<\/li><li>\u201cGer\u00e7ek bir marka olman\u0131n tek yolunun, eksiksiz ve ger\u00e7ek bir m\u00fc\u015fteri memnuniyeti sa\u011flamak ve m\u00fckemmeli yakalamak\u201d oldu\u011funa inan\u0131yoruz.<\/li><\/ul>\t\t\t\t\t\t<\/div>\n\t\t\t\t<\/div>\n\t\t\t\t\t<\/div>\n\t\t<\/div>\n\t\t\t\t<div class=\"elementor-column elementor-col-50 elementor-top-column elementor-element elementor-element-82df906\" data-id=\"82df906\" data-element_type=\"column\">\n\t\t\t<div class=\"elementor-widget-wrap elementor-element-populated\">\n\t\t\t\t\t\t\t\t<div class=\"elementor-element elementor-element-1906c22 elementor-widget elementor-widget-image\" data-id=\"1906c22\" data-element_type=\"widget\" data-widget_type=\"image.default\">\n\t\t\t\t<div class=\"elementor-widget-container\">\n\t\t\t<style>\/*! elementor - v3.6.7 - 03-07-2022 *\/\n.elementor-widget-image{text-align:center}.elementor-widget-image a{display:inline-block}.elementor-widget-image a img[src$=\".svg\"]{width:48px}.elementor-widget-image img{vertical-align:middle;display:inline-block}<\/style>\t\t\t\t\t\t\t\t\t\t\t\t<img width=\"576\" height=\"579\" src=\"https:\/\/www.bzg.com.tr\/wp-content\/uploads\/2022\/07\/vision-1.jpg\" class=\"attachment-large size-large\" alt=\"\" loading=\"lazy\" srcset=\"https:\/\/www.bzg.com.tr\/wp-content\/uploads\/2022\/07\/vision-1.jpg 576w, https:\/\/www.bzg.com.tr\/wp-content\/uploads\/2022\/07\/vision-1-298x300.jpg 298w, https:\/\/www.bzg.com.tr\/wp-content\/uploads\/2022\/07\/vision-1-150x150.jpg 150w\" sizes=\"(max-width: 576px) 100vw, 576px\" \/>\t\t\t\t\t\t\t\t\t\t\t\t\t\t\t<\/div>\n\t\t\t\t<\/div>\n\t\t\t\t\t<\/div>\n\t\t<\/div>\n\t\t\t\t\t\t\t<\/div>\n\t\t<\/section>\n\t\t\t\t\t\t\t<\/div>\n\t\t","protected":false},"excerpt":{"rendered":"<p>Vizyonu ve Misyonumuz Vizyonumuz D\u00fcnyan\u0131n her yerinde global standartlarda kaliteli imalat yapmak, kalite ve zaman\u0131nda teslim prensiplerimizden taviz vermeden \u00fcretim yapmaya devam etmek. Yat\u0131r\u0131mc\u0131lar\u0131m\u0131za de\u011fer \u00fcretirken al\u0131c\u0131lara da kazan\u00e7 sa\u011flayan pazarlama stratejileri izlemek. Geleneksel aile de\u011ferlerini koruyarak modern ve ya\u015fanabilir alanlar olu\u015fturmak. Sat\u0131\u015f ve teslim sonras\u0131 m\u00fc\u015fteri memnuniyet oran\u0131m\u0131z\u0131 en y\u00fcksek seviyede tutarak markala\u015fma s\u00fcrecini [&hellip;]<\/p>\n","protected":false},"author":1,"featured_media":0,"parent":0,"menu_order":0,"comment_status":"closed","ping_status":"closed","template":"","meta":[],"_links":{"self":[{"href":"https:\/\/www.bzg.com.tr\/tr\/wp-json\/wp\/v2\/pages\/815"}],"collection":[{"href":"https:\/\/www.bzg.com.tr\/tr\/wp-json\/wp\/v2\/pages"}],"about":[{"href":"https:\/\/www.bzg.com.tr\/tr\/wp-json\/wp\/v2\/types\/page"}],"author":[{"embeddable":true,"href":"https:\/\/www.bzg.com.tr\/tr\/wp-json\/wp\/v2\/users\/1"}],"replies":[{"embeddable":true,"href":"https:\/\/www.bzg.com.tr\/tr\/wp-json\/wp\/v2\/comments?post=815"}],"version-history":[{"count":4,"href":"https:\/\/www.bzg.com.tr\/tr\/wp-json\/wp\/v2\/pages\/815\/revisions"}],"predecessor-version":[{"id":819,"href":"https:\/\/www.bzg.com.tr\/tr\/wp-json\/wp\/v2\/pages\/815\/revisions\/819"}],"wp:attachment":[{"href":"https:\/\/www.bzg.com.tr\/tr\/wp-json\/wp\/v2\/media?parent=815"}],"curies":[{"name":"wp","href":"https:\/\/api.w.org\/{rel}","templated":true}]}}