{"id":821,"date":"2022-07-11T04:17:50","date_gmt":"2022-07-11T01:17:50","guid":{"rendered":"https:\/\/www.bzg.com.tr\/successful-results-with-shared-power\/"},"modified":"2022-07-25T05:44:33","modified_gmt":"2022-07-25T02:44:33","slug":"ortak-gucle-basarili-sonuclara","status":"publish","type":"page","link":"https:\/\/www.bzg.com.tr\/tr\/ortak-gucle-basarili-sonuclara\/","title":{"rendered":"Ortak g\u00fc\u00e7le ba\u015far\u0131l\u0131 sonu\u00e7lara&#8230;"},"content":{"rendered":"\t\t<div data-elementor-type=\"wp-page\" data-elementor-id=\"821\" class=\"elementor elementor-821 elementor-185\">\n\t\t\t\t\t\t\t\t\t<section class=\"elementor-section elementor-top-section elementor-element elementor-element-e972911 elementor-section-boxed elementor-section-height-default elementor-section-height-default rt-parallax-bg-no\" data-id=\"e972911\" data-element_type=\"section\">\n\t\t\t\t\t\t<div class=\"elementor-container elementor-column-gap-default\">\n\t\t\t\t\t<div class=\"elementor-column elementor-col-50 elementor-top-column elementor-element elementor-element-fc1ce84\" data-id=\"fc1ce84\" data-element_type=\"column\">\n\t\t\t<div class=\"elementor-widget-wrap elementor-element-populated\">\n\t\t\t\t\t\t\t\t<div class=\"elementor-element elementor-element-63d7599 elementor-widget elementor-widget-heading\" data-id=\"63d7599\" data-element_type=\"widget\" data-widget_type=\"heading.default\">\n\t\t\t\t<div class=\"elementor-widget-container\">\n\t\t\t<style>\/*! elementor - v3.6.7 - 03-07-2022 *\/\n.elementor-heading-title{padding:0;margin:0;line-height:1}.elementor-widget-heading .elementor-heading-title[class*=elementor-size-]>a{color:inherit;font-size:inherit;line-height:inherit}.elementor-widget-heading .elementor-heading-title.elementor-size-small{font-size:15px}.elementor-widget-heading .elementor-heading-title.elementor-size-medium{font-size:19px}.elementor-widget-heading .elementor-heading-title.elementor-size-large{font-size:29px}.elementor-widget-heading .elementor-heading-title.elementor-size-xl{font-size:39px}.elementor-widget-heading .elementor-heading-title.elementor-size-xxl{font-size:59px}<\/style><h3 class=\"elementor-heading-title elementor-size-default\">Ortak g\u00fc\u00e7le ba\u015far\u0131l\u0131 sonu\u00e7lara... <\/h3>\t\t<\/div>\n\t\t\t\t<\/div>\n\t\t\t\t<div class=\"elementor-element elementor-element-a053d4f elementor-widget elementor-widget-text-editor\" data-id=\"a053d4f\" data-element_type=\"widget\" data-widget_type=\"text-editor.default\">\n\t\t\t\t<div class=\"elementor-widget-container\">\n\t\t\t<style>\/*! elementor - v3.6.7 - 03-07-2022 *\/\n.elementor-widget-text-editor.elementor-drop-cap-view-stacked .elementor-drop-cap{background-color:#818a91;color:#fff}.elementor-widget-text-editor.elementor-drop-cap-view-framed .elementor-drop-cap{color:#818a91;border:3px solid;background-color:transparent}.elementor-widget-text-editor:not(.elementor-drop-cap-view-default) .elementor-drop-cap{margin-top:8px}.elementor-widget-text-editor:not(.elementor-drop-cap-view-default) .elementor-drop-cap-letter{width:1em;height:1em}.elementor-widget-text-editor .elementor-drop-cap{float:left;text-align:center;line-height:1;font-size:50px}.elementor-widget-text-editor .elementor-drop-cap-letter{display:inline-block}<\/style>\t\t\t\t<p><img loading=\"lazy\" class=\"alignright wp-image-823 size-full\" src=\"https:\/\/www.bzg.com.tr\/wp-content\/uploads\/2022\/07\/bzg.jpg\" alt=\"\" width=\"419\" height=\"169\" srcset=\"https:\/\/www.bzg.com.tr\/wp-content\/uploads\/2022\/07\/bzg.jpg 419w, https:\/\/www.bzg.com.tr\/wp-content\/uploads\/2022\/07\/bzg-300x121.jpg 300w\" sizes=\"(max-width: 419px) 100vw, 419px\" \/><\/p><h3><span style=\"color: #1e1c54;\"><strong>\u00c7\u00f6z\u00fcm Ortaklar\u0131m\u0131z<\/strong><\/span><\/h3><p><strong style=\"color: #1e1c54;\">Do\u011fu\u015f \u0130n\u015faat ve Ticaret A.\u015e.<br \/><\/strong>Ba\u015fak\u015fehir Kurug\u0131da Toptanc\u0131 Hali projesindeki \u00e7\u00f6z\u00fcm orta\u011f\u0131m\u0131z Do\u011fu\u015f \u0130n\u015faat ve Ticaret A.\u015e. 1951\u2019den bug\u00fcne in\u015faat sekt\u00f6r\u00fcnde ger\u00e7ekle\u015ftirdi\u011fi toplam de\u011feri 30,1 milyar dolar\u0131 a\u015fan 250\u2019den fazla alt ve \u00fcstyap\u0131 projesi ile d\u00fcnyan\u0131n en itibarl\u0131 \u015firketlerinden biridir.<\/p><p><span style=\"color: #1e1c54;\"><strong>Egekoop<\/strong><\/span><br \/>\u0130zmir Tempus projemizdeki \u00e7\u00f6z\u00fcm orta\u011f\u0131m\u0131z Egekoop, 37 y\u0131lda \u0130zmir\u2019in 12 il\u00e7esinde 5 milyon m2\u2019lik imarl\u0131 konut alan\u0131nda yap\u0131lar ger\u00e7ekle\u015ftirmi\u015f, mahalleler in\u015fa etmi\u015ftir.<\/p><p><span style=\"color: #1e1c54;\"><strong>Canpa\u015f Yap\u0131 Malzemeleri (Foamwork &amp; Scaffolding)<\/strong><\/span><br \/>25 y\u0131l\u0131 a\u015fk\u0131n s\u00fcredir modernize edilmi\u015f yap\u0131 malzemeleri alan\u0131nda ulusal ve uluslararas\u0131 projelerde faaliyet g\u00f6stermekte olan Canpa\u015f, kal\u0131p ve iskele sistemleri konusunda daha iyi ve daha s\u00fcrd\u00fcr\u00fclebilir bir d\u00fcnya in\u015fa etmemize katk\u0131 sa\u011flamaktad\u0131r.<\/p><p><span style=\"color: #1e1c54;\"><strong>EFB Yenilenebilir Enerji ve Dan\u0131\u015fmanl\u0131k A.\u015e.<\/strong><\/span><br \/>Projelerimizde, enerji tasarrufu, s\u00fcrd\u00fcr\u00fclebilirlik, yeni teknolojilere \u00f6nem veriyor, bu konuda sekt\u00f6r\u00fcn \u00f6nc\u00fc \u015firketlerinden EFB ile projelerimizi \u015fekillendiriyoruz.<\/p><p><span style=\"color: #1e1c54;\"><strong>Logo Yaz\u0131l\u0131m<\/strong><\/span><br \/>T\u00fcrkiyenin en b\u00fcy\u00fck yaz\u0131l\u0131m kurulu\u015flar\u0131ndan biri olan Logo yaz\u0131l\u0131m\u0131n teknoloji ve inovasyon alan\u0131nda yaratt\u0131\u011f\u0131 \u00e7\u00f6z\u00fcmleri ve yenilikleri sistemimize h\u0131zla adapte ederek her alanda \u015firketimize ve m\u00fc\u015fterilerimize kolayl\u0131klar sa\u011fl\u0131yoruz. D\u0131\u015f payda\u015flar\u0131m\u0131z\u0131n firmam\u0131zla ba\u011flant\u0131 kurmas\u0131na olanak tan\u0131yor, verimlili\u011fi art\u0131r\u0131yor, s\u00fcre\u00e7leri \u015feffafla\u015ft\u0131r\u0131yoruz.<\/p>\t\t\t\t\t\t<\/div>\n\t\t\t\t<\/div>\n\t\t\t\t\t<\/div>\n\t\t<\/div>\n\t\t\t\t<div class=\"elementor-column elementor-col-50 elementor-top-column elementor-element elementor-element-f24a6e1\" data-id=\"f24a6e1\" data-element_type=\"column\">\n\t\t\t<div class=\"elementor-widget-wrap elementor-element-populated\">\n\t\t\t\t\t\t\t\t<div class=\"elementor-element elementor-element-45e6d31 elementor-widget elementor-widget-image\" data-id=\"45e6d31\" data-element_type=\"widget\" data-widget_type=\"image.default\">\n\t\t\t\t<div class=\"elementor-widget-container\">\n\t\t\t<style>\/*! elementor - v3.6.7 - 03-07-2022 *\/\n.elementor-widget-image{text-align:center}.elementor-widget-image a{display:inline-block}.elementor-widget-image a img[src$=\".svg\"]{width:48px}.elementor-widget-image img{vertical-align:middle;display:inline-block}<\/style>\t\t\t\t\t\t\t\t\t\t\t\t<img width=\"659\" height=\"646\" src=\"https:\/\/www.bzg.com.tr\/wp-content\/uploads\/2022\/07\/bzg-holding.jpg\" class=\"attachment-large size-large\" alt=\"\" loading=\"lazy\" srcset=\"https:\/\/www.bzg.com.tr\/wp-content\/uploads\/2022\/07\/bzg-holding.jpg 659w, https:\/\/www.bzg.com.tr\/wp-content\/uploads\/2022\/07\/bzg-holding-300x294.jpg 300w, https:\/\/www.bzg.com.tr\/wp-content\/uploads\/2022\/07\/bzg-holding-100x98.jpg 100w\" sizes=\"(max-width: 659px) 100vw, 659px\" \/>\t\t\t\t\t\t\t\t\t\t\t\t\t\t\t<\/div>\n\t\t\t\t<\/div>\n\t\t\t\t\t<\/div>\n\t\t<\/div>\n\t\t\t\t\t\t\t<\/div>\n\t\t<\/section>\n\t\t\t\t\t\t\t<\/div>\n\t\t","protected":false},"excerpt":{"rendered":"<p>Ortak g\u00fc\u00e7le ba\u015far\u0131l\u0131 sonu\u00e7lara&#8230; \u00c7\u00f6z\u00fcm Ortaklar\u0131m\u0131z Do\u011fu\u015f \u0130n\u015faat ve Ticaret A.\u015e.Ba\u015fak\u015fehir Kurug\u0131da Toptanc\u0131 Hali projesindeki \u00e7\u00f6z\u00fcm orta\u011f\u0131m\u0131z Do\u011fu\u015f \u0130n\u015faat ve Ticaret A.\u015e. 1951\u2019den bug\u00fcne in\u015faat sekt\u00f6r\u00fcnde ger\u00e7ekle\u015ftirdi\u011fi toplam de\u011feri 30,1 milyar dolar\u0131 a\u015fan 250\u2019den fazla alt ve \u00fcstyap\u0131 projesi ile d\u00fcnyan\u0131n en itibarl\u0131 \u015firketlerinden biridir. Egekoop\u0130zmir Tempus projemizdeki \u00e7\u00f6z\u00fcm orta\u011f\u0131m\u0131z Egekoop, 37 y\u0131lda \u0130zmir\u2019in 12 [&hellip;]<\/p>\n","protected":false},"author":1,"featured_media":0,"parent":0,"menu_order":0,"comment_status":"closed","ping_status":"closed","template":"","meta":[],"_links":{"self":[{"href":"https:\/\/www.bzg.com.tr\/tr\/wp-json\/wp\/v2\/pages\/821"}],"collection":[{"href":"https:\/\/www.bzg.com.tr\/tr\/wp-json\/wp\/v2\/pages"}],"about":[{"href":"https:\/\/www.bzg.com.tr\/tr\/wp-json\/wp\/v2\/types\/page"}],"author":[{"embeddable":true,"href":"https:\/\/www.bzg.com.tr\/tr\/wp-json\/wp\/v2\/users\/1"}],"replies":[{"embeddable":true,"href":"https:\/\/www.bzg.com.tr\/tr\/wp-json\/wp\/v2\/comments?post=821"}],"version-history":[{"count":13,"href":"https:\/\/www.bzg.com.tr\/tr\/wp-json\/wp\/v2\/pages\/821\/revisions"}],"predecessor-version":[{"id":836,"href":"https:\/\/www.bzg.com.tr\/tr\/wp-json\/wp\/v2\/pages\/821\/revisions\/836"}],"wp:attachment":[{"href":"https:\/\/www.bzg.com.tr\/tr\/wp-json\/wp\/v2\/media?parent=821"}],"curies":[{"name":"wp","href":"https:\/\/api.w.org\/{rel}","templated":true}]}}